{"id":125,"date":"2025-07-02T17:11:20","date_gmt":"2025-07-02T15:11:20","guid":{"rendered":"https:\/\/slowactu.com\/?page_id=125"},"modified":"2025-07-02T17:11:20","modified_gmt":"2025-07-02T15:11:20","slug":"a-propos-de-slowactu-com","status":"publish","type":"page","link":"https:\/\/slowactu.com\/?page_id=125","title":{"rendered":"\u00c0 propos de SLOWACTU.com"},"content":{"rendered":"\n<p><a href=\"https:\/\/friperieparis.com\/\" target=\"_blank\" rel=\"noreferrer noopener\">Slowactu.com<\/a>\u00a0<strong>est un m\u00e9dia en ligne engag\u00e9, d\u00e9di\u00e9 \u00e0 la valorisation des cr\u00e9ateurs de proximit\u00e9 et des initiatives \u00e9thiques.<\/strong><br>\u00c0 l\u2019heure d\u2019un monde qui acc\u00e9l\u00e8re, Slowactu met en lumi\u00e8re celles et ceux qui choisissent un autre tempo : <strong>artisans locaux, marques responsables, projets circulaires<\/strong> et acteurs de la <strong>seconde main<\/strong>.<\/p>\n\n\n\n<p>Nous <strong>soutenons une \u00e9conomie locale, cr\u00e9ative et durable<\/strong>, en donnant la parole aux <strong>cr\u00e9ateurs engag\u00e9s<\/strong> qui fa\u00e7onnent la mode, la d\u00e9co et le lifestyle de demain.<br>Sur Slowactu, vous trouverez des contenus inspirants autour de la <strong>mode r\u00e9tro<\/strong>, du <strong>mobilier ancien<\/strong>, de la <strong>d\u00e9coration vintage<\/strong>, des <strong>\u00e9v\u00e9nements alternatifs<\/strong>, ainsi que des s\u00e9lections, bons plans et interviews ancr\u00e9s dans une <strong>culture du r\u00e9emploi<\/strong>.<\/p>\n\n\n\n<p>\u00c0 travers nos articles, s\u00e9lections et collaborations, nous donnons vie \u00e0 une<strong> communaut\u00e9 engag\u00e9e et passionn\u00e9e <\/strong>: amoureux de belles pi\u00e8ces, curieux d\u2019objets d\u2019\u00e9poque, d\u00e9fenseurs des savoir-faire artisanaux et adeptes d\u2019une consommation alternative, responsable et inspir\u00e9e.<\/p>\n\n\n\n<p><strong>Sujets principaux :\u00a0<\/strong><em><em>cr\u00e9ateurs locaux<\/em><\/em>, <em>vintage, friperies, antiquit\u00e9s, brocantes, vide grenier, d\u00e9p\u00f4ts-ventes, d\u00e9co r\u00e9tro, mode seconde main, boutiques vintage, lifestyle r\u00e9tro \u2013 Paris, France.<\/em><\/p>\n\n\n\n<h2 class=\"wp-block-heading\" style=\"margin-top:var(--wp--preset--spacing--80)\">Vous \u00eates cr\u00e9ateur, passionn\u00e9 ou acteur du vintage ? Parlons-en.<\/h2>\n\n\n\n<p>Vous \u00eates <strong>cr\u00e9ateur de mode ou de beaut\u00e9<\/strong>, vous tenez une <strong>friperie<\/strong>, un <strong>atelier artisanal<\/strong>, ou un <strong>blog d\u00e9di\u00e9 au vintage, \u00e0 la seconde main ou au design r\u00e9tro<\/strong> ?<br>Vous partagez une vision <strong>locale, engag\u00e9e et inspir\u00e9e<\/strong>, et souhaitez <strong>faire rayonner votre univers<\/strong> aupr\u00e8s d\u2019une communaut\u00e9 sensible \u00e0 l\u2019authenticit\u00e9 et \u00e0 la consommation responsable ?<\/p>\n\n\n\n<p><strong>Slowactu<\/strong> vous ouvre ses pages. Interviews, portraits, s\u00e9lections, partenariats \u00e9ditoriaux ou mise en avant :<br>\ud83d\udc49 <strong>Faites d\u00e9couvrir vos cr\u00e9ations, vos valeurs et votre d\u00e9marche au public qui vous ressemble.<\/strong><\/p>\n\n\n\n<p>Nous vous proposons de figurer sur\u00a0<a href=\"https:\/\/friperieparis.com\/\" target=\"_blank\" rel=\"noreferrer noopener\">Slowactu.com<\/a>, ainsi que sur nos diff\u00e9rents canaux partenaires, qu\u2019ils soient orient\u00e9s vente ou m\u00e9dia.<\/p>\n\n\n\n<p><strong>Parmi eux :<\/strong><\/p>\n\n\n\n<ul class=\"wp-block-list\">\n<li><a href=\"https:\/\/www.fripari.fr\/\"><strong>Fripari.fr<\/strong><\/a>\u00a0: <strong>Le march\u00e9 en ligne des pi\u00e8ces uniques et responsables<\/strong>. <strong>Fripari.fr<\/strong> est une plateforme d\u00e9di\u00e9e \u00e0 celles et ceux qui recherchent du style avec du sens. Vous y d\u00e9couvrirez une <strong>s\u00e9lection pointue de v\u00eatements vintage<\/strong>, de <strong>cr\u00e9ateurs locaux<\/strong>, de <strong>bijoux upcycl\u00e9s<\/strong> et d\u2019<strong>accessoires de beaut\u00e9 \u00e9thique<\/strong>. Chaque pi\u00e8ce a une histoire, chaque cr\u00e9ation porte une vision : celle d\u2019une <strong>mode durable<\/strong>, <strong>authentique<\/strong> et <strong>engag\u00e9e<\/strong>.<\/li>\n<\/ul>\n\n\n\n<ul class=\"wp-block-list\">\n<li><strong>Luxantique.lu \u2013 L\u2019univers digital du mobilier ancien et des objets rares<\/strong>. <strong>Luxantique.lu<\/strong> est une plateforme d\u00e9di\u00e9e \u00e0 l\u2019<strong>art de chiner \u00e0 l\u2019\u00e8re num\u00e9rique<\/strong>. Pens\u00e9 pour les <strong>collectionneurs<\/strong>, les <strong>artisans<\/strong> et les <strong>amateurs \u00e9clair\u00e9s<\/strong>, ce lieu unique met en lumi\u00e8re des <strong>pi\u00e8ces anciennes<\/strong>, <strong>objets d\u2019exception<\/strong> et <strong>mobilier de caract\u00e8re<\/strong>, s\u00e9lectionn\u00e9s avec exigence. Un espace o\u00f9 le <strong>pass\u00e9 inspire le pr\u00e9sent<\/strong>, et o\u00f9 la passion de l\u2019authentique trouve enfin son \u00e9crin en ligne.<\/li>\n<\/ul>\n\n\n\n<p>Votre pr\u00e9sence peut inclure une vitrine produit, une mise en avant \u00e9ditoriale ou un relais sur nos r\u00e9seaux selon la formule choisie.<\/p>\n\n\n\n<p><strong><em>Ce service est payant :<\/em><\/strong>\u00a0contactez-nous pour conna\u00eetre les tarifs, modalit\u00e9s et formats possibles.<br>Chaque projet est \u00e9tudi\u00e9 individuellement pour garantir une mise en valeur qualitative et coh\u00e9rente avec notre ligne \u00e9ditoriale.<\/p>\n\n\n\n<p>\ud83d\udc49Contact : contact@e-pixee.com<\/p>\n","protected":false},"excerpt":{"rendered":"<p>Slowactu.com\u00a0est un m\u00e9dia en ligne engag\u00e9, d\u00e9di\u00e9 \u00e0 la valorisation des cr\u00e9ateurs de proximit\u00e9 et des initiatives \u00e9thiques.\u00c0 l\u2019heure d\u2019un monde qui acc\u00e9l\u00e8re, Slowactu met en lumi\u00e8re celles et ceux qui choisissent un autre tempo : artisans locaux, marques responsables, projets circulaires et acteurs de la seconde main. Nous soutenons une \u00e9conomie locale, cr\u00e9ative et [&hellip;]<\/p>\n","protected":false},"author":1,"featured_media":0,"parent":0,"menu_order":0,"comment_status":"closed","ping_status":"closed","template":"","meta":{"footnotes":""},"class_list":["post-125","page","type-page","status-publish","hentry"],"_links":{"self":[{"href":"https:\/\/slowactu.com\/index.php?rest_route=\/wp\/v2\/pages\/125","targetHints":{"allow":["GET"]}}],"collection":[{"href":"https:\/\/slowactu.com\/index.php?rest_route=\/wp\/v2\/pages"}],"about":[{"href":"https:\/\/slowactu.com\/index.php?rest_route=\/wp\/v2\/types\/page"}],"author":[{"embeddable":true,"href":"https:\/\/slowactu.com\/index.php?rest_route=\/wp\/v2\/users\/1"}],"replies":[{"embeddable":true,"href":"https:\/\/slowactu.com\/index.php?rest_route=%2Fwp%2Fv2%2Fcomments&post=125"}],"version-history":[{"count":1,"href":"https:\/\/slowactu.com\/index.php?rest_route=\/wp\/v2\/pages\/125\/revisions"}],"predecessor-version":[{"id":126,"href":"https:\/\/slowactu.com\/index.php?rest_route=\/wp\/v2\/pages\/125\/revisions\/126"}],"wp:attachment":[{"href":"https:\/\/slowactu.com\/index.php?rest_route=%2Fwp%2Fv2%2Fmedia&parent=125"}],"curies":[{"name":"wp","href":"https:\/\/api.w.org\/{rel}","templated":true}]}}