{"id":118,"date":"2025-07-02T16:49:48","date_gmt":"2025-07-02T14:49:48","guid":{"rendered":"https:\/\/slowactu.com\/?page_id=118"},"modified":"2025-07-02T22:06:14","modified_gmt":"2025-07-02T20:06:14","slug":"politique-de-confidentialite","status":"publish","type":"page","link":"https:\/\/slowactu.com\/?page_id=118","title":{"rendered":"Politique de confidentialit\u00e9"},"content":{"rendered":"\n<h2 class=\"wp-block-heading\" style=\"margin-top:var(--wp--preset--spacing--80)\">Mentions l\u00e9gales<\/h2>\n\n\n\n<p>Ce site est \u00e9dit\u00e9 par l\u2019agence&nbsp;<a href=\"https:\/\/www.e-pixee.com\/\">E-pixee.com<\/a>,<br>H\u00e9berg\u00e9 par OVH \u2013 2 rue Kellermann \u2013 59100 Roubaix \u2013 France.<br>Responsable de la publication :&nbsp;<a href=\"https:\/\/www.e-pixee.com\/\">E-pixee.com<\/a><\/p>\n\n\n\n<h2 class=\"wp-block-heading\" style=\"margin-top:var(--wp--preset--spacing--80)\">Un site cr\u00e9\u00e9 par l\u2019agence E-pixee<\/h2>\n\n\n\n<p>Ce site a \u00e9t\u00e9 imagin\u00e9 et r\u00e9alis\u00e9 par\u00a0<a href=\"https:\/\/www.e-pixee.com\/\">E-pixee.com<\/a>,\u00a0<strong>une des premi\u00e8res agences cr\u00e9atives du Grand Est<\/strong>, sp\u00e9cialis\u00e9e dans la communication visuelle, le webdesign et le branding. Implant\u00e9e \u00e0\u00a0<strong>Thionville, Metz et Luxembourg<\/strong>, E-pixee accompagne ses clients avec passion pour donner vie \u00e0 leurs\u00a0<strong>projets num\u00e9riques\u00a0<\/strong>et renforcer leur<strong>\u00a0identit\u00e9 de marque<\/strong>. Gr\u00e2ce \u00e0 une expertise pointue et une approche innovante, l\u2019agence cr\u00e9e des exp\u00e9riences digitales uniques, alliant esth\u00e9tisme et performance.<\/p>\n\n\n\n<p>L\u2019agence travaille avec des entreprises, artisans, artistes, associations, collectivit\u00e9s et cr\u00e9ateurs ind\u00e9pendants, dans une logique de&nbsp;<strong>co-cr\u00e9ation, d\u2019\u00e9coute et de valorisation du sens<\/strong>.<\/p>\n\n\n\n<p>\ud83d\udc49 Envie de lancer votre projet ou refaire votre site ?<br>\ud83d\udce9 Contactez l\u2019\u00e9quipe : contact@e-pixee.com<br>\ud83c\udf10&nbsp;<a href=\"https:\/\/www.e-pixee.com\/\">www.e-pixee.com<\/a><\/p>\n\n\n\n<h2 class=\"wp-block-heading\" style=\"margin-top:var(--wp--preset--spacing--80)\">Vous avez besoin d\u2019un site ou d\u2019une identit\u00e9 visuelle ?<\/h2>\n\n\n\n<p>E-pixee accompagne aussi les professionnels du vintage et de la cr\u00e9ation dans leur pr\u00e9sence en ligne :<\/p>\n\n\n\n<ul class=\"wp-block-list\">\n<li><strong>Cr\u00e9ation de site internet :<\/strong>&nbsp;vitrine, e-commerce, blog, multisite<\/li>\n\n\n\n<li><strong>Design &amp; branding :<\/strong>&nbsp;logo, charte graphique, supports marketing<\/li>\n\n\n\n<li><strong>R\u00e9f\u00e9rencement &amp; SEA :&nbsp;<\/strong>SEO on-page, campagnes Google Ads<\/li>\n\n\n\n<li><strong>Community management :&nbsp;<\/strong>contenu social, animation de communaut\u00e9<\/li>\n<\/ul>\n\n\n\n<p>Faites appel \u00e0 une \u00e9quipe cr\u00e9ative et \u00e0 l\u2019\u00e9coute, qui comprend vos besoins et vos valeurs. (Audit gratuit et un devis personnalis\u00e9.)<\/p>\n\n\n\n<p>\ud83d\udc49 www.e-pixee.com<\/p>\n","protected":false},"excerpt":{"rendered":"<p>Mentions l\u00e9gales Ce site est \u00e9dit\u00e9 par l\u2019agence&nbsp;E-pixee.com,H\u00e9berg\u00e9 par OVH \u2013 2 rue Kellermann \u2013 59100 Roubaix \u2013 France.Responsable de la publication :&nbsp;E-pixee.com Un site cr\u00e9\u00e9 par l\u2019agence E-pixee Ce site a \u00e9t\u00e9 imagin\u00e9 et r\u00e9alis\u00e9 par\u00a0E-pixee.com,\u00a0une des premi\u00e8res agences cr\u00e9atives du Grand Est, sp\u00e9cialis\u00e9e dans la communication visuelle, le webdesign et le branding. Implant\u00e9e [&hellip;]<\/p>\n","protected":false},"author":1,"featured_media":0,"parent":0,"menu_order":0,"comment_status":"closed","ping_status":"closed","template":"","meta":{"footnotes":""},"class_list":["post-118","page","type-page","status-publish","hentry"],"_links":{"self":[{"href":"https:\/\/slowactu.com\/index.php?rest_route=\/wp\/v2\/pages\/118","targetHints":{"allow":["GET"]}}],"collection":[{"href":"https:\/\/slowactu.com\/index.php?rest_route=\/wp\/v2\/pages"}],"about":[{"href":"https:\/\/slowactu.com\/index.php?rest_route=\/wp\/v2\/types\/page"}],"author":[{"embeddable":true,"href":"https:\/\/slowactu.com\/index.php?rest_route=\/wp\/v2\/users\/1"}],"replies":[{"embeddable":true,"href":"https:\/\/slowactu.com\/index.php?rest_route=%2Fwp%2Fv2%2Fcomments&post=118"}],"version-history":[{"count":3,"href":"https:\/\/slowactu.com\/index.php?rest_route=\/wp\/v2\/pages\/118\/revisions"}],"predecessor-version":[{"id":133,"href":"https:\/\/slowactu.com\/index.php?rest_route=\/wp\/v2\/pages\/118\/revisions\/133"}],"wp:attachment":[{"href":"https:\/\/slowactu.com\/index.php?rest_route=%2Fwp%2Fv2%2Fmedia&parent=118"}],"curies":[{"name":"wp","href":"https:\/\/api.w.org\/{rel}","templated":true}]}}